{"id":11,"date":"2025-12-21T21:25:39","date_gmt":"2025-12-22T00:25:39","guid":{"rendered":"https:\/\/www.rootcom.com.br\/?page_id=11"},"modified":"2026-02-26T17:24:44","modified_gmt":"2026-02-26T20:24:44","slug":"home","status":"publish","type":"page","link":"https:\/\/www.rootcom.com.br\/","title":{"rendered":"Home"},"content":{"rendered":"\n<div class=\"wp-block-cover alignfull\" style=\"min-height:720px;aspect-ratio:unset;\"><img loading=\"lazy\" decoding=\"async\" width=\"813\" height=\"430\" class=\"wp-block-cover__image-background wp-image-56 size-full\" alt=\"\" src=\"https:\/\/www.rootcom.com.br\/wp-content\/uploads\/2025\/12\/iStock-1211223669.jpg\" data-object-fit=\"cover\"\/><span aria-hidden=\"true\" class=\"wp-block-cover__background has-background-dim wp-block-cover__gradient-background has-background-gradient\" style=\"background:linear-gradient(135deg,rgb(41,57,55) 0%,rgb(0,247,239) 100%)\"><\/span><div class=\"wp-block-cover__inner-container is-layout-flow wp-block-cover-is-layout-flow\">\n<div class=\"inherit-container-width wp-block-group alignwide is-layout-constrained wp-block-group-is-layout-constrained\">\n<div class=\"wp-block-media-text alignwide has-media-on-the-right is-stacked-on-mobile is-vertically-aligned-center\" style=\"grid-template-columns:auto 42%\"><div class=\"wp-block-media-text__content\">\n<h1 class=\"wp-block-heading has-text-align-left has-white-color has-text-color\"><strong>Tecnologia que move neg\u00f3cios<\/strong><\/h1>\n\n\n\n<p class=\"has-white-color has-text-color\">Desenvolvemos solu\u00e7\u00f5es digitais completas para transformar desafios em oportunidades.<\/p>\n\n\n\n<div class=\"wp-block-buttons is-layout-flex wp-block-buttons-is-layout-flex\">\n<div class=\"wp-block-button\"><a class=\"wp-block-button__link wp-element-button\" href=\"https:\/\/wa.me\/553135088194?text=Ol%C3%A1%2C%20encontrei%20o%20site%20da%20Rootcom%20Systems%20e%20quero%20criar%20um%20sistema%2Fsite%20para%20mim!%20Poderia%20nos%20auxiliar%20nessa%20jornada%3F\">Crie seu site<\/a><\/div>\n<\/div>\n<\/div><figure class=\"wp-block-media-text__media\"><img decoding=\"async\" src=\"https:\/\/www.rootcom.com.br\/wp-content\/themes\/astra\/inc\/assets\/images\/starter-content\/hero-img.svg\" alt=\"\" class=\"wp-image-118 size-full\"\/><\/figure><\/div>\n<\/div>\n<\/div><\/div>\n\n\n\n<div class=\"wp-block-group alignfull has-ast-global-color-5-background-color has-background is-layout-constrained wp-container-core-group-is-layout-9cedb757 wp-block-group-is-layout-constrained\" style=\"padding-bottom:0px\">\n<div class=\"wp-block-columns are-vertically-aligned-top is-layout-flex wp-container-core-columns-is-layout-00723822 wp-block-columns-is-layout-flex\">\n<div class=\"wp-block-column is-vertically-aligned-top is-layout-flow wp-container-core-column-is-layout-6b73ce23 wp-block-column-is-layout-flow\">\n<figure class=\"wp-block-image size-large\"><img decoding=\"async\" src=\"https:\/\/www.rootcom.com.br\/wp-content\/themes\/astra\/inc\/assets\/images\/starter-content\/building.svg\" alt=\"\" class=\"wp-image-134\"\/><\/figure>\n\n\n\n<h3 class=\"wp-block-heading has-text-align-left\" style=\"margin-top:16px\"><strong>Tecnologia para Empresas<\/strong><\/h3>\n\n\n\n<p class=\"has-text-align-left\">Solu\u00e7\u00f5es digitais pensadas para o crescimento do seu neg\u00f3cio.<\/p>\n<\/div>\n\n\n\n<div class=\"wp-block-column is-vertically-aligned-top is-layout-flow wp-container-core-column-is-layout-6b73ce23 wp-block-column-is-layout-flow\">\n<figure class=\"wp-block-image size-large\"><img decoding=\"async\" src=\"https:\/\/www.rootcom.com.br\/wp-content\/themes\/astra\/inc\/assets\/images\/starter-content\/shopping-bag.svg\" alt=\"\" class=\"wp-image-135\"\/><\/figure>\n\n\n\n<h3 class=\"wp-block-heading has-text-align-left\" style=\"margin-top:16px\"><strong>Experi\u00eancia do Usu\u00e1rio<\/strong><\/h3>\n\n\n\n<p class=\"has-text-align-left\">Interfaces intuitivas e funcionais, focadas em usabilidade.<\/p>\n<\/div>\n\n\n\n<div class=\"wp-block-column is-vertically-aligned-top is-layout-flow wp-container-core-column-is-layout-6b73ce23 wp-block-column-is-layout-flow\">\n<figure class=\"wp-block-image size-large\"><img decoding=\"async\" src=\"https:\/\/www.rootcom.com.br\/wp-content\/themes\/astra\/inc\/assets\/images\/starter-content\/blog.svg\" alt=\"\" class=\"wp-image-136\"\/><\/figure>\n\n\n\n<h3 class=\"wp-block-heading has-text-align-left\" style=\"margin-top:16px\"><strong>Infraestrutura Robusta<\/strong><\/h3>\n\n\n\n<p class=\"has-text-align-left\">Ambiente de hospedagem preparado para escalar junto com sua empresa.<br><\/p>\n<\/div>\n\n\n\n<div class=\"wp-block-column is-vertically-aligned-top is-layout-flow wp-container-core-column-is-layout-6b73ce23 wp-block-column-is-layout-flow\">\n<figure class=\"wp-block-image size-large\"><img decoding=\"async\" src=\"https:\/\/www.rootcom.com.br\/wp-content\/themes\/astra\/inc\/assets\/images\/starter-content\/portfolio.svg\" alt=\"\" class=\"wp-image-137\"\/><\/figure>\n\n\n\n<h3 class=\"wp-block-heading has-text-align-left\" style=\"margin-top:16px\"><strong>Solu\u00e7\u00f5es Acess\u00edveis<\/strong><\/h3>\n\n\n\n<p class=\"has-text-align-left\">Produtos prontos com excelente custo-benef\u00edcio.<br><\/p>\n<\/div>\n<\/div>\n<\/div>\n\n\n\n<div class=\"wp-block-group alignfull is-layout-constrained wp-container-core-group-is-layout-45b0ac4f wp-block-group-is-layout-constrained\" id=\"services\" style=\"padding-top:144px;padding-bottom:0px\">\n<h2 class=\"wp-block-heading\">Nossos Servi\u00e7os<\/h2>\n\n\n\n<div class=\"wp-block-columns is-layout-flex wp-container-core-columns-is-layout-60cbf9bb wp-block-columns-is-layout-flex\" style=\"margin-top:50px\">\n<div class=\"wp-block-column is-layout-flow wp-container-core-column-is-layout-6b73ce23 wp-block-column-is-layout-flow\">\n<figure class=\"wp-block-image size-full has-custom-border\"><img loading=\"lazy\" decoding=\"async\" width=\"4000\" height=\"4000\" src=\"https:\/\/www.rootcom.com.br\/wp-content\/uploads\/2025\/12\/21004063.jpg\" alt=\"<a href=&quot;https:\/\/br.freepik.com\/vetores-gratis\/hacker-operando-uma-ilustracao-do-icone-dos-desenhos-animados-laptop-conceito-de-icone-de-tecnologia-isolado-estilo-flat-cartoon_11602236.htm#fromView=keyword&amp;page=1&amp;position=0&amp;uuid=126926a0-56cd-4d08-a129-c1acc9bf38a4&amp;query=Programador+desenho&quot;&gt;Imagem de catalyststuff no Freepik<\/a&gt;\" class=\"wp-image-47\" style=\"border-top-left-radius:20px;border-top-right-radius:20px;border-bottom-left-radius:20px;border-bottom-right-radius:20px\"\/><\/figure>\n\n\n\n<h3 class=\"wp-block-heading\" style=\"margin-top:16px\">Desenvolvimento de sistemas<\/h3>\n\n\n\n<p>Criamos sistemas sob medida para otimizar processos, aumentar a produtividade e atender \u00e0s necessidades espec\u00edficas do seu neg\u00f3cio.<br><\/p>\n<\/div>\n\n\n\n<div class=\"wp-block-column is-layout-flow wp-container-core-column-is-layout-6b73ce23 wp-block-column-is-layout-flow\">\n<figure class=\"wp-block-image size-full has-custom-border\"><img loading=\"lazy\" decoding=\"async\" width=\"5400\" height=\"5400\" src=\"https:\/\/www.rootcom.com.br\/wp-content\/uploads\/2025\/12\/20475.jpg\" alt=\"<a href=&quot;https:\/\/br.freepik.com\/vetores-gratis\/desenho-isometrico-de-armazenamento-de-nuvem-com-arquivos-de-video-e-pasta-racks-de-servidor-na-tela-do-dispositivo-movel_5084062.htm#fromView=keyword&amp;page=2&amp;position=29&amp;uuid=8fc6dc8f-29f5-4fe0-b17c-ffb23135f674&amp;query=Servidor+desenho&quot;&gt;Imagem de macrovector no Freepik<\/a&gt;\" class=\"wp-image-48\" style=\"border-top-left-radius:20px;border-top-right-radius:20px;border-bottom-left-radius:20px;border-bottom-right-radius:20px\"\/><\/figure>\n\n\n\n<h3 class=\"wp-block-heading\" style=\"margin-top:16px\">Hospedagem<\/h3>\n\n\n\n<p>Oferecemos hospedagem segura, est\u00e1vel e de alto desempenho para manter seus sistemas e sites sempre online.<br><\/p>\n<\/div>\n\n\n\n<div class=\"wp-block-column is-layout-flow wp-container-core-column-is-layout-6b73ce23 wp-block-column-is-layout-flow\">\n<figure class=\"wp-block-image size-full has-custom-border\"><img loading=\"lazy\" decoding=\"async\" width=\"2000\" height=\"2000\" src=\"https:\/\/www.rootcom.com.br\/wp-content\/uploads\/2025\/12\/331923-P9V2QO-670.jpg\" alt=\"<a href=&quot;https:\/\/br.freepik.com\/vetores-gratis\/mao-desenhada-conceito-de-design-web_2439337.htm#fromView=keyword&amp;page=1&amp;position=0&amp;uuid=8ff09602-2ab9-4d4c-abd3-f8760b627a7e&amp;query=Desenho+de+site&quot;&gt;Imagem de freepik<\/a&gt;\" class=\"wp-image-49\" style=\"border-top-left-radius:20px;border-top-right-radius:20px;border-bottom-left-radius:20px;border-bottom-right-radius:20px\"\/><\/figure>\n\n\n\n<h3 class=\"wp-block-heading\" style=\"margin-top:16px\">Desenvolvimento de sites<\/h3>\n\n\n\n<p>Desenvolvemos sites modernos, responsivos e funcionais, al\u00e9m de produtos de prateleira prontos para impulsionar sua presen\u00e7a digital.<\/p>\n<\/div>\n<\/div>\n<\/div>\n\n\n\n<div class=\"wp-block-group alignfull has-ast-global-color-5-background-color has-background is-layout-constrained wp-container-core-group-is-layout-94d206d0 wp-block-group-is-layout-constrained\" id=\"about\" style=\"padding-top:143px;padding-bottom:144px\">\n<div class=\"wp-block-media-text has-media-on-the-right is-stacked-on-mobile is-vertically-aligned-center\"><div class=\"wp-block-media-text__content\">\n<div class=\"inherit-container-width wp-block-group is-layout-constrained wp-container-core-group-is-layout-47ce07ec wp-block-group-is-layout-constrained\" style=\"padding-right:80px\">\n<h2 class=\"wp-block-heading\" style=\"padding-right:40px\"><em>Ajudamos equipes a construir o neg\u00f3cio dos seus sonhos.<\/em><\/h2>\n\n\n\n<p>Na <strong>Rootcom Systems<\/strong>, unimos tecnologia, inova\u00e7\u00e3o e experi\u00eancia para transformar ideias em solu\u00e7\u00f5es digitais eficientes. Trabalhamos lado a lado com nossos clientes para impulsionar o crescimento, automatizar processos e criar bases s\u00f3lidas para o sucesso do neg\u00f3cio.<\/p>\n<\/div>\n<\/div><figure class=\"wp-block-media-text__media\"><img decoding=\"async\" src=\"https:\/\/www.rootcom.com.br\/wp-content\/themes\/astra\/inc\/assets\/images\/starter-content\/about-us.jpg\" alt=\"\" class=\"wp-image-237 size-full\"\/><\/figure><\/div>\n<\/div>\n\n\n\n<div class=\"wp-block-group alignfull has-ast-global-color-4-background-color has-background is-layout-constrained wp-container-core-group-is-layout-6a2cfb7b wp-block-group-is-layout-constrained\" id=\"reviews\">\n<figure class=\"wp-block-image aligncenter size-full\"><img decoding=\"async\" src=\"https:\/\/www.rootcom.com.br\/wp-content\/themes\/astra\/inc\/assets\/images\/starter-content\/avatar.png\" alt=\"\" class=\"wp-image-235\"\/><\/figure>\n\n\n\n<p class=\"has-text-align-center\" style=\"font-size:22px;line-height:1.6\">\u201cContratar a Rootcom Systems foi uma das melhores decis\u00f5es para o nosso neg\u00f3cio. O sistema ficou exatamente como precis\u00e1vamos, o site \u00e9 r\u00e1pido e profissional, e a hospedagem \u00e9 muito est\u00e1vel. Atendimento \u00e1gil e solu\u00e7\u00f5es que realmente funcionam.\u201d<\/p>\n\n\n\n<p class=\"has-text-align-center\"><strong>Carlos Henrique Moreira<\/strong><\/p>\n<\/div>\n\n\n\n<div class=\"wp-block-group alignfull has-medium-font-size is-layout-constrained wp-container-core-group-is-layout-254499bd wp-block-group-is-layout-constrained\" style=\"border-style:none;border-width:0px;margin-top:0;margin-bottom:0;padding-top:var(--wp--preset--spacing--50);padding-right:var(--wp--preset--spacing--40);padding-bottom:var(--wp--preset--spacing--50);padding-left:var(--wp--preset--spacing--40)\">\n<h2 class=\"wp-block-heading\">Not\u00edcias<\/h2>\n\n\n\n<p><\/p>\n\n\n\n<div class=\"wp-block-columns is-layout-flex wp-container-core-columns-is-layout-28f84493 wp-block-columns-is-layout-flex\">\n<div class=\"wp-block-column is-layout-flow wp-block-column-is-layout-flow\" style=\"flex-basis:100%\">\n<div class=\"wp-block-columns is-not-stacked-on-mobile is-layout-flex wp-container-core-columns-is-layout-28f84493 wp-block-columns-is-layout-flex\">\n<div class=\"wp-block-column is-layout-flow wp-block-column-is-layout-flow\" style=\"flex-basis:33.34%\"><ul class=\"wp-block-latest-posts__list has-dates has-author wp-block-latest-posts\"><li><a class=\"wp-block-latest-posts__post-title\" href=\"https:\/\/www.rootcom.com.br\/index.php\/2025\/12\/22\/tecnologia-na-educacao-como-as-ferramentas-digitais-estao-transformando-o-aprendizado\/\">Tecnologia na Educa\u00e7\u00e3o: Como as Ferramentas Digitais Est\u00e3o Transformando o Aprendizado<\/a><div class=\"wp-block-latest-posts__post-author\">por rootcom<\/div><time datetime=\"2025-12-22T07:51:24-03:00\" class=\"wp-block-latest-posts__post-date\">22 de dezembro de 2025<\/time><div class=\"wp-block-latest-posts__post-excerpt\">A tecnologia tem um papel cada vez mais importante na educa\u00e7\u00e3o, mudando a forma como alunos aprendem e professores ensinam. Ferramentas Tecnol\u00f3gicas na Educa\u00e7\u00e3o Benef\u00edcios para os Alunos Desafios Apesar dos avan\u00e7os, ainda existem desafios, como o acesso \u00e0 internet e a necessidade de capacita\u00e7\u00e3o de professores. Conclus\u00e3o A tecnologia\u2026 <a class=\"wp-block-latest-posts__read-more\" href=\"https:\/\/www.rootcom.com.br\/index.php\/2025\/12\/22\/tecnologia-na-educacao-como-as-ferramentas-digitais-estao-transformando-o-aprendizado\/\" rel=\"noopener noreferrer\">Leia mais<span class=\"screen-reader-text\">: Tecnologia na Educa\u00e7\u00e3o: Como as Ferramentas Digitais Est\u00e3o Transformando o Aprendizado<\/span><\/a><\/div><\/li>\n<\/ul><\/div>\n\n\n\n<div class=\"wp-block-column is-layout-flow wp-block-column-is-layout-flow\" style=\"flex-basis:33.34%\"><ul class=\"wp-block-latest-posts__list has-dates has-author wp-block-latest-posts\"><li><a class=\"wp-block-latest-posts__post-title\" href=\"https:\/\/www.rootcom.com.br\/index.php\/2025\/12\/22\/inteligencia-artificial-no-dia-a-dia-como-ela-ja-faz-parte-da-sua-rotina\/\">Intelig\u00eancia Artificial no Dia a Dia: Como Ela J\u00e1 Faz Parte da Sua Rotina<\/a><div class=\"wp-block-latest-posts__post-author\">por rootcom<\/div><time datetime=\"2025-12-22T07:49:31-03:00\" class=\"wp-block-latest-posts__post-date\">22 de dezembro de 2025<\/time><div class=\"wp-block-latest-posts__post-excerpt\">A Intelig\u00eancia Artificial (IA) j\u00e1 n\u00e3o \u00e9 mais uma tecnologia distante ou restrita a grandes empresas de tecnologia. Mesmo sem perceber, usamos IA v\u00e1rias vezes ao dia \u2014 no celular, no computador e at\u00e9 em eletrodom\u00e9sticos. Mas afinal, o que \u00e9 Intelig\u00eancia Artificial e como ela est\u00e1 presente na nossa rotina? O que \u00e9 Intelig\u00eancia\u2026 <a class=\"wp-block-latest-posts__read-more\" href=\"https:\/\/www.rootcom.com.br\/index.php\/2025\/12\/22\/inteligencia-artificial-no-dia-a-dia-como-ela-ja-faz-parte-da-sua-rotina\/\" rel=\"noopener noreferrer\">Leia mais<span class=\"screen-reader-text\">: Intelig\u00eancia Artificial no Dia a Dia: Como Ela J\u00e1 Faz Parte da Sua Rotina<\/span><\/a><\/div><\/li>\n<\/ul><\/div>\n\n\n\n<div class=\"wp-block-column is-layout-flow wp-block-column-is-layout-flow\" style=\"flex-basis:33.33%\"><ul class=\"wp-block-latest-posts__list has-dates has-author wp-block-latest-posts\"><li><a class=\"wp-block-latest-posts__post-title\" href=\"https:\/\/www.rootcom.com.br\/index.php\/2025\/12\/22\/inteligencia-artificial-no-dia-a-dia-como-ela-ja-faz-parte-da-sua-rotina\/\">Intelig\u00eancia Artificial no Dia a Dia: Como Ela J\u00e1 Faz Parte da Sua Rotina<\/a><div class=\"wp-block-latest-posts__post-author\">por rootcom<\/div><time datetime=\"2025-12-22T07:49:31-03:00\" class=\"wp-block-latest-posts__post-date\">22 de dezembro de 2025<\/time><div class=\"wp-block-latest-posts__post-excerpt\">A Intelig\u00eancia Artificial (IA) j\u00e1 n\u00e3o \u00e9 mais uma tecnologia distante ou restrita a grandes empresas de tecnologia. Mesmo sem perceber, usamos IA v\u00e1rias vezes ao dia \u2014 no celular, no computador e at\u00e9 em eletrodom\u00e9sticos. Mas afinal, o que \u00e9 Intelig\u00eancia Artificial e como ela est\u00e1 presente na nossa rotina? O que \u00e9 Intelig\u00eancia\u2026 <a class=\"wp-block-latest-posts__read-more\" href=\"https:\/\/www.rootcom.com.br\/index.php\/2025\/12\/22\/inteligencia-artificial-no-dia-a-dia-como-ela-ja-faz-parte-da-sua-rotina\/\" rel=\"noopener noreferrer\">Leia mais<span class=\"screen-reader-text\">: Intelig\u00eancia Artificial no Dia a Dia: Como Ela J\u00e1 Faz Parte da Sua Rotina<\/span><\/a><\/div><\/li>\n<\/ul><\/div>\n<\/div>\n<\/div>\n<\/div>\n<\/div>\n\n\n\n<div class=\"wp-block-group alignfull is-layout-constrained wp-container-core-group-is-layout-192ad6bd wp-block-group-is-layout-constrained\" id=\"whyus\" style=\"padding-top:55px;padding-bottom:55px\">\n<h2 class=\"wp-block-heading\">Porque nos escolher?<\/h2>\n\n\n\n<div class=\"wp-block-columns is-layout-flex wp-container-core-columns-is-layout-29aadeec wp-block-columns-is-layout-flex\" style=\"margin-top:60px\">\n<div class=\"wp-block-column is-layout-flow wp-container-core-column-is-layout-6b73ce23 wp-block-column-is-layout-flow\">\n<figure class=\"wp-block-image size-large\"><img decoding=\"async\" src=\"https:\/\/www.rootcom.com.br\/wp-content\/themes\/astra\/inc\/assets\/images\/starter-content\/passionate.svg\" alt=\"\" class=\"wp-image-162\"\/><\/figure>\n\n\n\n<h3 class=\"wp-block-heading\" style=\"margin-top:16px\">Solu\u00e7\u00f5es Personalizadas<\/h3>\n\n\n\n<p>Desenvolvemos sistemas e sites sob medida, alinhados \u00e0s reais necessidades do seu neg\u00f3cio.<br><\/p>\n<\/div>\n\n\n\n<div class=\"wp-block-column is-layout-flow wp-container-core-column-is-layout-6b73ce23 wp-block-column-is-layout-flow\">\n<figure class=\"wp-block-image size-large\"><img decoding=\"async\" src=\"https:\/\/www.rootcom.com.br\/wp-content\/themes\/astra\/inc\/assets\/images\/starter-content\/professional.svg\" alt=\"\" class=\"wp-image-163\"\/><\/figure>\n\n\n\n<h3 class=\"wp-block-heading\" style=\"margin-top:16px\"><strong>Confiabilidade e Performance<\/strong><\/h3>\n\n\n\n<p>Hospedagem est\u00e1vel, segura e com alto desempenho para garantir que seus servi\u00e7os estejam sempre dispon\u00edveis.<br><\/p>\n<\/div>\n\n\n\n<div class=\"wp-block-column is-layout-flow wp-container-core-column-is-layout-6b73ce23 wp-block-column-is-layout-flow\">\n<figure class=\"wp-block-image size-large\"><img decoding=\"async\" src=\"https:\/\/www.rootcom.com.br\/wp-content\/themes\/astra\/inc\/assets\/images\/starter-content\/support.svg\" alt=\"\" class=\"wp-image-164\"\/><\/figure>\n\n\n\n<h3 class=\"wp-block-heading\" style=\"margin-top:16px\"><strong>Experi\u00eancia e Suporte<\/strong><\/h3>\n\n\n\n<p>Equipe qualificada, atendimento pr\u00f3ximo e suporte cont\u00ednuo em todas as etapas do projeto.<br><\/p>\n<\/div>\n<\/div>\n<\/div>\n\n\n\n<div class=\"wp-block-group alignfull has-background is-layout-constrained wp-container-core-group-is-layout-cfcca693 wp-block-group-is-layout-constrained\" id=\"contact\" style=\"background:linear-gradient(35deg,rgb(6,0,151) 0%,rgb(130,4,255) 64%,rgb(193,15,255) 98%);padding-top:104px;padding-bottom:104px\">\n<h2 class=\"wp-block-heading has-text-align-center has-text-color\" style=\"color:#ffffff\">Quer criar um website profissional?<\/h2>\n\n\n\n<div class=\"wp-block-buttons alignwide is-horizontal is-content-justification-center is-layout-flex wp-container-core-buttons-is-layout-bba8380a wp-block-buttons-is-layout-flex\" style=\"margin-top:50px\">\n<div class=\"wp-block-button\"><a class=\"wp-block-button__link wp-element-button\" href=\"https:\/\/wa.me\/553135088194?text=Ol%C3%A1%2C%20encontrei%20o%20site%20da%20Rootcom%20Systems%20e%20quero%20criar%20um%20sistema%2Fsite%20para%20mim!%20Poderia%20nos%20auxiliar%20nessa%20jornada%3F\">Clique aqui<\/a><\/div>\n<\/div>\n<\/div>\n\n\n\n<p><\/p>\n","protected":false},"excerpt":{"rendered":"<p>Tecnologia para Empresas Solu\u00e7\u00f5es digitais pensadas para o crescimento do seu neg\u00f3cio. Experi\u00eancia do Usu\u00e1rio Interfaces intuitivas e funcionais, focadas [&hellip;]<\/p>\n","protected":false},"author":1,"featured_media":0,"parent":0,"menu_order":0,"comment_status":"closed","ping_status":"closed","template":"","meta":{"site-sidebar-layout":"no-sidebar","site-content-layout":"plain-container","ast-site-content-layout":"default","site-content-style":"default","site-sidebar-style":"default","ast-global-header-display":"","ast-banner-title-visibility":"","ast-main-header-display":"","ast-hfb-above-header-display":"","ast-hfb-below-header-display":"","ast-hfb-mobile-header-display":"","site-post-title":"disabled","ast-breadcrumbs-content":"","ast-featured-img":"","footer-sml-layout":"","ast-disable-related-posts":"","theme-transparent-header-meta":"enabled","adv-header-id-meta":"","stick-header-meta":"","header-above-stick-meta":"","header-main-stick-meta":"","header-below-stick-meta":"","astra-migrate-meta-layouts":"default","ast-page-background-enabled":"default","ast-page-background-meta":{"desktop":{"background-color":"var(--ast-global-color-5)","background-image":"","background-repeat":"repeat","background-position":"center center","background-size":"auto","background-attachment":"scroll","background-type":"","background-media":"","overlay-type":"","overlay-color":"","overlay-opacity":"","overlay-gradient":""},"tablet":{"background-color":"","background-image":"","background-repeat":"repeat","background-position":"center center","background-size":"auto","background-attachment":"scroll","background-type":"","background-media":"","overlay-type":"","overlay-color":"","overlay-opacity":"","overlay-gradient":""},"mobile":{"background-color":"","background-image":"","background-repeat":"repeat","background-position":"center center","background-size":"auto","background-attachment":"scroll","background-type":"","background-media":"","overlay-type":"","overlay-color":"","overlay-opacity":"","overlay-gradient":""}},"ast-content-background-meta":{"desktop":{"background-color":"var(--ast-global-color-4)","background-image":"","background-repeat":"repeat","background-position":"center center","background-size":"auto","background-attachment":"scroll","background-type":"","background-media":"","overlay-type":"","overlay-color":"","overlay-opacity":"","overlay-gradient":""},"tablet":{"background-color":"var(--ast-global-color-4)","background-image":"","background-repeat":"repeat","background-position":"center center","background-size":"auto","background-attachment":"scroll","background-type":"","background-media":"","overlay-type":"","overlay-color":"","overlay-opacity":"","overlay-gradient":""},"mobile":{"background-color":"var(--ast-global-color-4)","background-image":"","background-repeat":"repeat","background-position":"center center","background-size":"auto","background-attachment":"scroll","background-type":"","background-media":"","overlay-type":"","overlay-color":"","overlay-opacity":"","overlay-gradient":""}},"footnotes":""},"class_list":["post-11","page","type-page","status-publish","hentry"],"_links":{"self":[{"href":"https:\/\/www.rootcom.com.br\/index.php\/wp-json\/wp\/v2\/pages\/11","targetHints":{"allow":["GET"]}}],"collection":[{"href":"https:\/\/www.rootcom.com.br\/index.php\/wp-json\/wp\/v2\/pages"}],"about":[{"href":"https:\/\/www.rootcom.com.br\/index.php\/wp-json\/wp\/v2\/types\/page"}],"author":[{"embeddable":true,"href":"https:\/\/www.rootcom.com.br\/index.php\/wp-json\/wp\/v2\/users\/1"}],"replies":[{"embeddable":true,"href":"https:\/\/www.rootcom.com.br\/index.php\/wp-json\/wp\/v2\/comments?post=11"}],"version-history":[{"count":1,"href":"https:\/\/www.rootcom.com.br\/index.php\/wp-json\/wp\/v2\/pages\/11\/revisions"}],"predecessor-version":[{"id":125,"href":"https:\/\/www.rootcom.com.br\/index.php\/wp-json\/wp\/v2\/pages\/11\/revisions\/125"}],"wp:attachment":[{"href":"https:\/\/www.rootcom.com.br\/index.php\/wp-json\/wp\/v2\/media?parent=11"}],"curies":[{"name":"wp","href":"https:\/\/api.w.org\/{rel}","templated":true}]}}